{"id":31727,"date":"2023-05-10T17:08:26","date_gmt":"2023-05-10T16:08:26","guid":{"rendered":"https:\/\/www.nmaxpro.com\/?post_type=product&#038;p=31727"},"modified":"2024-08-19T21:20:23","modified_gmt":"2024-08-19T20:20:23","slug":"veloscope-original-para-los-modelos-nmax-del-2015-al-2020","status":"publish","type":"product","link":"https:\/\/www.nmaxpro.com\/index.php\/product\/veloscope-original-para-los-modelos-nmax-del-2015-al-2020\/","title":{"rendered":"VELOSCOPE ORIGINAL PARA LOS MODELOS NMAX DEL 2015 AL 2020"},"content":{"rendered":"","protected":false},"excerpt":{"rendered":"<p>Veloscope V1+<br \/>\nPara NMAX MODELO DEL 2015 AL 2020<\/p>\n<p>La versi\u00f3n V1+ es la \u00faltima versi\u00f3n del Veloscope, equipada con un emblema de acero inoxidable y un orificio en V para maximizar el rendimiento y la apariencia de la versi\u00f3n anterior.<\/p>\n<p>Veloscope es un Velocity Scope cuya funci\u00f3n es aumentar el suministro de aire a la c\u00e1mara de combusti\u00f3n y mantener fr\u00eda la temperatura de entrada para que haya una subida de tensi\u00f3n de hasta 0,8 Hp (resultado de dynotest) a m\u00e1xima velocidad.<\/p>\n<p>El veloscopio funciona como m\u00e1ximo a 50 km\/h. a la cima.<\/p>\n<p>Veloscope tambi\u00e9n se suma a la belleza de su Nmax (aspecto de carreras)<\/p>\n<p>* f\u00e1cil instalaci\u00f3n, pnp (plug &amp; play)<\/p>\n<p>C\u00f3mo instalar VELOSCOPE:<\/p>\n<p>Abra la cubierta de la caja del filtro, retire los dos tornillos que est\u00e1n en el interior de la cubierta del filtro, luego retire la parte peque\u00f1a de la cubierta del filtro y reempl\u00e1cela con un Veloscope<\/p>\n","protected":false},"featured_media":31729,"template":"","meta":[],"product_cat":[65],"product_tag":[],"class_list":["post-31727","product","type-product","status-publish","has-post-thumbnail","hentry","product_cat-marcas"],"_links":{"self":[{"href":"https:\/\/www.nmaxpro.com\/index.php\/wp-json\/wp\/v2\/product\/31727","targetHints":{"allow":["GET"]}}],"collection":[{"href":"https:\/\/www.nmaxpro.com\/index.php\/wp-json\/wp\/v2\/product"}],"about":[{"href":"https:\/\/www.nmaxpro.com\/index.php\/wp-json\/wp\/v2\/types\/product"}],"wp:featuredmedia":[{"embeddable":true,"href":"https:\/\/www.nmaxpro.com\/index.php\/wp-json\/wp\/v2\/media\/31729"}],"wp:attachment":[{"href":"https:\/\/www.nmaxpro.com\/index.php\/wp-json\/wp\/v2\/media?parent=31727"}],"wp:term":[{"taxonomy":"product_cat","embeddable":true,"href":"https:\/\/www.nmaxpro.com\/index.php\/wp-json\/wp\/v2\/product_cat?post=31727"},{"taxonomy":"product_tag","embeddable":true,"href":"https:\/\/www.nmaxpro.com\/index.php\/wp-json\/wp\/v2\/product_tag?post=31727"}],"curies":[{"name":"wp","href":"https:\/\/api.w.org\/{rel}","templated":true}]}}