{"id":31714,"date":"2023-05-10T16:13:59","date_gmt":"2023-05-10T15:13:59","guid":{"rendered":"https:\/\/www.nmaxpro.com\/?post_type=product&#038;p=31714"},"modified":"2023-05-10T16:45:57","modified_gmt":"2023-05-10T15:45:57","slug":"veloscope-original-para-lod-modelos-del-2021-al-2023","status":"publish","type":"product","link":"https:\/\/www.nmaxpro.com\/index.php\/product\/veloscope-original-para-lod-modelos-del-2021-al-2023\/","title":{"rendered":"VELOSCOPE ORIGINAL PARA LOS MODELOS NMAX NEW DEL 2021 AL 2023"},"content":{"rendered":"","protected":false},"excerpt":{"rendered":"<p>Veloscope V2+<br \/>\nPara todos los nuevos Nmax del 2021 al 2023<\/p>\n<p>La versi\u00f3n V2+ es la \u00faltima versi\u00f3n del Veloscope, equipada con un emblema de acero inoxidable y un orificio en V para maximizar el rendimiento y la apariencia de la versi\u00f3n anterior.<\/p>\n<p>Veloscope es un Velocity Scope cuya funci\u00f3n es aumentar el suministro de aire a la c\u00e1mara de combusti\u00f3n y mantener la temperatura de entrada estable en fr\u00edo para que haya un aumento de potencia de hasta 0,8 Hp (resultado dynotest) a m\u00e1xima velocidad.<\/p>\n<p>El veloscopio funciona como m\u00e1ximo a 50 km\/h. a la cima.<\/p>\n<p>Veloscope tambi\u00e9n se suma a su apariencia Nmax (aspecto Racing)<\/p>\n<p>F\u00e1cil instalaci\u00f3n, pnp (plug &amp; play), lo mismo que instalar una tapa de filtro est\u00e1ndar que viene con el motor<\/p>\n<p>retirar los 7 tornillos de la caja de aire y colocar el veloscope<\/p>\n","protected":false},"featured_media":31715,"template":"","meta":[],"product_cat":[77,66],"product_tag":[79,78],"class_list":["post-31714","product","type-product","status-publish","has-post-thumbnail","hentry","product_cat-veloscope-nmaxnew","product_cat-yamaha","product_tag-veloscope","product_tag-veloscope-nmax-new"],"_links":{"self":[{"href":"https:\/\/www.nmaxpro.com\/index.php\/wp-json\/wp\/v2\/product\/31714","targetHints":{"allow":["GET"]}}],"collection":[{"href":"https:\/\/www.nmaxpro.com\/index.php\/wp-json\/wp\/v2\/product"}],"about":[{"href":"https:\/\/www.nmaxpro.com\/index.php\/wp-json\/wp\/v2\/types\/product"}],"wp:featuredmedia":[{"embeddable":true,"href":"https:\/\/www.nmaxpro.com\/index.php\/wp-json\/wp\/v2\/media\/31715"}],"wp:attachment":[{"href":"https:\/\/www.nmaxpro.com\/index.php\/wp-json\/wp\/v2\/media?parent=31714"}],"wp:term":[{"taxonomy":"product_cat","embeddable":true,"href":"https:\/\/www.nmaxpro.com\/index.php\/wp-json\/wp\/v2\/product_cat?post=31714"},{"taxonomy":"product_tag","embeddable":true,"href":"https:\/\/www.nmaxpro.com\/index.php\/wp-json\/wp\/v2\/product_tag?post=31714"}],"curies":[{"name":"wp","href":"https:\/\/api.w.org\/{rel}","templated":true}]}}