{"id":31143,"date":"2023-03-14T10:52:27","date_gmt":"2023-03-14T09:52:27","guid":{"rendered":"https:\/\/www.nmaxpro.com\/?page_id=31143"},"modified":"2023-03-15T21:10:14","modified_gmt":"2023-03-15T20:10:14","slug":"politica-de-privacidad","status":"publish","type":"page","link":"https:\/\/www.nmaxpro.com\/index.php\/politica-de-privacidad\/","title":{"rendered":"Pol\u00edtica de privacidad"},"content":{"rendered":"\t\t<div data-elementor-type=\"wp-page\" data-elementor-id=\"31143\" class=\"elementor elementor-31143\">\n\t\t\t\t\t\t\t\t\t<section class=\"elementor-section elementor-top-section elementor-element elementor-element-61f41fc3 elementor-section-boxed elementor-section-height-default elementor-section-height-default\" data-id=\"61f41fc3\" data-element_type=\"section\">\n\t\t\t\t\t\t<div class=\"elementor-container elementor-column-gap-default\">\n\t\t\t\t\t<div class=\"elementor-column elementor-col-100 elementor-top-column elementor-element elementor-element-3391417b\" data-id=\"3391417b\" data-element_type=\"column\">\n\t\t\t<div class=\"elementor-widget-wrap elementor-element-populated\">\n\t\t\t\t\t\t\t\t<div class=\"elementor-element elementor-element-28e02bef elementor-widget elementor-widget-text-editor\" data-id=\"28e02bef\" data-element_type=\"widget\" data-widget_type=\"text-editor.default\">\n\t\t\t\t<div class=\"elementor-widget-container\">\n\t\t\t<style>\/*! elementor - v3.12.2 - 23-04-2023 *\/\n.elementor-widget-text-editor.elementor-drop-cap-view-stacked .elementor-drop-cap{background-color:#69727d;color:#fff}.elementor-widget-text-editor.elementor-drop-cap-view-framed .elementor-drop-cap{color:#69727d;border:3px solid;background-color:transparent}.elementor-widget-text-editor:not(.elementor-drop-cap-view-default) .elementor-drop-cap{margin-top:8px}.elementor-widget-text-editor:not(.elementor-drop-cap-view-default) .elementor-drop-cap-letter{width:1em;height:1em}.elementor-widget-text-editor .elementor-drop-cap{float:left;text-align:center;line-height:1;font-size:50px}.elementor-widget-text-editor .elementor-drop-cap-letter{display:inline-block}<\/style>\t\t\t\t<h2>Pol\u00edtica de privacidad<\/h2>\n<p>Desde Nerlys Irene Lucas Bellorin entendemos que es esencial mantener una relaci\u00f3n transparente contigo, por ello, a continuaci\u00f3n, te presentamos nuestra Pol\u00edtica de Privacidad, para que en todo momento est\u00e9s debidamente informado acerca de c\u00f3mo recopilamos y tratamos de forma segura cualquier dato que nos facilites.<\/p>\n<p>Tus datos ser\u00e1n tratados de conformidad con la legislaci\u00f3n vigente y, en concreto, de acuerdo a lo establecido en el Reglamento (UE) 2016\/679 de 27 de abril de 2016 (RGPD) relativo a la protecci\u00f3n de las personas f\u00edsicas en lo que respecta al tratamiento de datos personales y a la libre circulaci\u00f3n de estos datos. Tambi\u00e9n en lo referente a la Ley Org\u00e1nica 3\/2018, del 5 de diciembre, de Protecci\u00f3n de Datos Personales y Garant\u00eda de los Derechos Digitales.<\/p>\n<p>Una lectura detenida de nuestra Pol\u00edtica de Privacidad te aportar\u00e1 la informaci\u00f3n necesaria para conocer qu\u00e9 destino le daremos a los datos que nos proporciones.<\/p>\n<h3>1&nbsp;&nbsp;&nbsp;&nbsp;&nbsp;&nbsp;&nbsp;&nbsp;&nbsp;&nbsp;\u00bfQUI\u00c9N ES EL RESPONSABLE DEL TRATAMIENTO DE TUS DATOS?<\/h3>\n<p>Si t\u00fa, o una persona autorizada, nos has facilitado tus datos, te informamos de que Nerlys Irene Lucas Bellorin, con NIF:&nbsp;Y2807299W&nbsp;es el responsable del tratamiento de los mismos. Estos datos ser\u00e1n tratados de conformidad con lo dispuesto en las normativas vigentes sobre protecci\u00f3n de datos personales.<\/p>\n<p>Es posible que existan otros responsables en los tratamientos que realizamos, en ese caso siempre informaremos de quien es el\/la responsable del tratamiento de los mismos, as\u00ed como de sus&nbsp;&nbsp;datos de identificaci\u00f3n.<\/p>\n<p>Desde NMAX PRO nos comprometemos al cumplimiento de la obligaci\u00f3n de secreto de los datos de car\u00e1cter personal y de su deber de guardarlos. Para eso adoptamos las medidas necesarias para evitar su alteraci\u00f3n, p\u00e9rdida, tratamiento o acceso no autorizado de acuerdo con establecido en el Reglamento.<\/p>\n<h3>2&nbsp;&nbsp;&nbsp;&nbsp;&nbsp;&nbsp;&nbsp;&nbsp;&nbsp;&nbsp;\u00bfD\u00d3NDE INFORMAMOS?<\/h3>\n<p>Desde ELVIRA GARCIA GARCIA&nbsp;informamos a trav\u00e9s de la p\u00e1gina web www.piepas.com en el apartado correspondiente a la&nbsp;<em>pol\u00edtica de privacidad<\/em>. M\u00e1s informaci\u00f3n en \u201c<em>Aviso Legal<\/em>\u201d.<\/p>\n<h3>3&nbsp;&nbsp;&nbsp;&nbsp;&nbsp;&nbsp;&nbsp;&nbsp;&nbsp;&nbsp;\u00bfQU\u00c9 DATOS PERSONALES TRATAMOS?<\/h3>\n<p>Los datos personales que tratamos son:<\/p>\n<ul>\n<li>Aquellos que t\u00fa decidas facilitarnos voluntariamente<\/li>\n<li>Los datos derivados de las comunicaciones que mantengas con nosotros.<\/li>\n<li>La informaci\u00f3n correspondiente a tu propia navegaci\u00f3n en el caso de Servicios Online, (direcci\u00f3n IP o informaci\u00f3n derivada de cookies o dispositivos similares (puedes ver nuestra Pol\u00edtica de Cookies en la web).<\/li>\n<li>Aquella informaci\u00f3n que se encuentre disponible en fuentes accesibles al p\u00fablico, a la que leg\u00edtimamente podamos acceder.<\/li>\n<li>Los datos que se deriven de la relaci\u00f3n contractual o precontractual que mantengas con nosotros, incluida tu imagen, inform\u00e1ndote siempre en este caso de la posibilidad de captar tu imagen.<\/li>\n<li>Los que terceras personas nos proporcionen sobre ti, existiendo una base leg\u00edtima para ello o habiendo obtenido tu consentimiento para ello.<\/li>\n<li>Los datos de terceros que t\u00fa nos facilites, previo consentimiento del tercero en cuesti\u00f3n.<\/li>\n<\/ul>\n<h3>4&nbsp;&nbsp;&nbsp;&nbsp;&nbsp;&nbsp;&nbsp;&nbsp;&nbsp;&nbsp;\u00bfC\u00d3MO TRATAMOS LOS DATOS?<\/h3>\n<p>En NMAX PRO tratamos tus datos personales siempre en estricto cumplimiento de la legislaci\u00f3n vigente. Adem\u00e1s, te informamos de que contamos con las medidas t\u00e9cnicas y organizativas adecuadas para garantizar un nivel \u00f3ptimo de seguridad, garantizando con ello que solo acceder\u00e1n aquellas personas que tengan autorizaci\u00f3n, que los mantendremos \u00edntegros, evitando cualquier p\u00e9rdida intencionada o accidental y que hemos reforzado los sistemas y servicios de tratamiento de datos.<\/p>\n<p>Las operaciones, gestiones y procedimientos t\u00e9cnicos que realizamos de forma automatizada o no automatizada y que posibiliten la recogida, almacenamiento, modificaci\u00f3n, transferencia y otras acciones sobre datos de car\u00e1cter personal, tienen la consideraci\u00f3n de tratamiento de datos personales.<\/p>\n<h3>5&nbsp;&nbsp;&nbsp;&nbsp;&nbsp;&nbsp;&nbsp;&nbsp;&nbsp;&nbsp;\u00bfCU\u00c1L ES LA LEGITIMACI\u00d3N DEL TRATAMIENTO?<\/h3>\n<p>La base de la legitimaci\u00f3n del tratamiento de Datos Personales ser\u00e1 la que resulte de la relaci\u00f3n contractual o precontractual, de la relaci\u00f3n laboral o de cualquier otra que se requiera para el tratamiento de datos, tales como el consentimiento expreso.<\/p>\n<h3>6&nbsp;&nbsp;&nbsp;&nbsp;&nbsp;&nbsp;&nbsp;&nbsp;&nbsp;&nbsp;\u00bfC\u00d3MO GESTIONAMOS LAS COMUNICACIONES ELECTR\u00d3NICAS?<\/h3>\n<p>De conformidad con lo establecido en la Ley 34\/2002 de 11 de julio, de Servicios de la Sociedad de la Informaci\u00f3n y del Comercio Electr\u00f3nico, y la Directiva 2002\/58\/CE te informamos de que puedes recibir comunicaciones e informaci\u00f3n de \u00edndole comercial mediante este sistema de comunicaci\u00f3n electr\u00f3nica (correos electr\u00f3nicos, mensajes de respuesta automatizada de formularios y otros sistemas de comunicaci\u00f3n) cuando nos hubieras otorgado tu consentimiento o bien se trate de comunicaciones comerciales referentes a productos o servicios similares a los prestados con anterioridad por el responsable del tratamiento de tus datos.<\/p>\n<p>En el supuesto de que no desees recibir comunicaciones e informaciones de esta \u00edndole, nos lo puedes notificar por esta misma v\u00eda indicando en el asunto&nbsp;&#8220;BAJA COMUNICACIONES COMERCIALES&#8221;&nbsp;para que tus datos personales sean dados de baja de nuestra base de datos. Tu solicitud ser\u00e1 accionada en un plazo de 1 mes desde su env\u00edo. En el supuesto de que no recibamos contestaci\u00f3n expresa por tu parte, entenderemos que aceptas y autorizas que nuestra entidad siga realizando las referidas comunicaciones<\/p>\n<p>En el caso de recibir dichas comunicaciones por estos medios te informamos que los mensajes se dirigen exclusivamente a su destinatario y puede contener informaci\u00f3n privilegiada o confidencial. Si no eres el destinatario indicado, te notificamos de que la utilizaci\u00f3n, divulgaci\u00f3n y\/o copia sin autorizaci\u00f3n est\u00e1 prohibida en virtud de la legislaci\u00f3n vigente.<\/p>\n<h3>7&nbsp;&nbsp;&nbsp;&nbsp;&nbsp;&nbsp;&nbsp;&nbsp;&nbsp;&nbsp;\u00bfCU\u00c1NTO TIEMPO CONSERVAMOS TUS DATOS?<\/h3>\n<p>Los datos personales relativos a personas f\u00edsicas que desde&nbsp;NMAX PRO recopilamos por cualquier medio, se conservar\u00e1n mientras el interesado no solicite su supresi\u00f3n. As\u00ed mismo, se conservar\u00e1n mientras se mantenga la relaci\u00f3n que origin\u00f3 el tratamiento de los datos, respetando en cualquier caso los plazos legales de conservaci\u00f3n. Concluido este per\u00edodo, los datos personales ser\u00e1n eliminados de todos los sistemas de&nbsp;NMAX PRO.<\/p>\n<h3>8&nbsp;&nbsp;&nbsp;&nbsp;&nbsp;&nbsp;&nbsp;&nbsp;&nbsp;&nbsp;\u00bfTUS DATOS SER\u00c1N COMUNICADOS A TERCEROS?<\/h3>\n<p>No habr\u00e1 cesi\u00f3n, transmisi\u00f3n o transferencia de datos personales, salvo las ya informadas, que no sean a consecuencia de una obligaci\u00f3n legal. Si por requerimiento de la Administraci\u00f3n P\u00fablica o de las Instituciones Auton\u00f3micas en el \u00e1mbito de las funciones que la ley les atribuya expresamente, se nos solicitan tus datos, estos ser\u00e1n transmitidos.<\/p>\n<p>De existir una cesi\u00f3n, transmisi\u00f3n o transferencia de datos personales fuera de los casos anteriormente previstos, ser\u00e1s previamente informado para que, si procede, nos prestes tu consentimiento.<\/p>\n<p>Pero para poder organizarnos correctamente, tener buenas operativas y procedimientos que garanticen una buena gesti\u00f3n, desde&nbsp;NMAX PRO puede ser necesario el tener que contratar los servicios de asesores, profesionales, u otras empresas de servicios para tratar datos bajo nuestras indicaciones.<\/p>\n<p>Este tratamiento por cuenta de terceros est\u00e1 regulada en un contrato que consta por escrito o de alguna otra forma legalmente admitida y que permita acreditar su celebraci\u00f3n y contenido, especificando expresamente que el encargado del tratamiento tratar\u00e1 los datos conforme a nuestras instrucciones y no los aplicar\u00e1 o usar\u00e1 con un fin distinto al que figure en dicho contrato, ni los comunicar\u00e1, ni siquiera para su conservaci\u00f3n, a otras personas.<\/p>\n<h3>9&nbsp;&nbsp;&nbsp;&nbsp;&nbsp;&nbsp;&nbsp;&nbsp;&nbsp;&nbsp;\u00bfCU\u00c1LES SON TUS DERECHOS?<\/h3>\n<p>La normativa de protecci\u00f3n de datos le confiere los siguientes derechos:<\/p>\n<ul>\n<li><b><strong>Derecho a revocar<\/strong><\/b>&nbsp;cualquier consentimiento prestado previamente.<\/li>\n<li><b><strong>Derecho de acceso<\/strong><\/b>: Conocer qu\u00e9 tipo de datos se est\u00e1n tratando y las caracter\u00edsticas del tratamiento que se lleva a cabo.<\/li>\n<li><b><strong>Derecho de rectificaci\u00f3n<\/strong><\/b>: Poder solicitar la modificaci\u00f3n de los datos que sean inexactos o no veraces<\/li>\n<li><b><strong>Derecho de portabilidad<\/strong><\/b>: Poder obtener una copia en formato interoperable de los datos que est\u00e9n siendo tratados.<\/li>\n<li><b><strong>Derecho a la limitaci\u00f3n<\/strong><\/b>&nbsp;del tratamiento en los casos que considere que no es necesario.<\/li>\n<li><b><strong>Derecho de cancelaci\u00f3n<\/strong><\/b>: Solicitar el cese del tratamiento de los datos y su supresi\u00f3n cuando ya no sea necesaria su conservaci\u00f3n.<\/li>\n<\/ul>\n<p>Si deseas m\u00e1s informaci\u00f3n respecto al tratamiento de tus datos, rectificar aquellos que sean inexactos, oponerse y\/o limitar alg\u00fan tratamiento que consideres que no es necesario, o solicitar la cancelaci\u00f3n del tratamiento cuando los datos ya no sean necesarios, puedes dirigirte por escrito a NMAX PRO en r\u00faa ponte do sar 56-58&nbsp; 2 izquierda, 15702, Santiago de Compostela (A Coru\u00f1a) o mediante correo electr\u00f3nico a&nbsp;nmaxproyamaha@gmail.com.<\/p>\n<ul>\n<li>Dicha comunicaci\u00f3n deber\u00e1 reflejar la siguiente informaci\u00f3n: Nombre y apellidos del usuario, la petici\u00f3n de solicitud, el domicilio y los datos acreditativos.<\/li>\n<li>El ejercicio de derechos deber\u00e1 ser realizado por el propio usuario. No obstante, podr\u00e1n ser ejecutados por una persona autorizada como representante legal del autorizado. En tal caso, se deber\u00e1 aportar la documentaci\u00f3n que acredite esta representaci\u00f3n del interesado.<\/li>\n<\/ul>\n<p>As\u00ed mismo, queremos informarte de que puedes retirar el consentimiento prestado sin que ello afecte a la licitud del tratamiento ya realizado, enviando tu solicitud a la misma direcci\u00f3n indicada en el p\u00e1rrafo anterior. En este caso, deber\u00e1s acompa\u00f1ar a tu solicitud, copia de tu DNI o documento acreditativo de tu identidad.<\/p>\n<p>Recordarte, adem\u00e1s, que tienes derecho a presentar una reclamaci\u00f3n ante la Agencia Espa\u00f1ola de Protecci\u00f3n de Datos (AEPD), si consideras infringidos tus derechos Protecci\u00f3n de datos C\/ Jorge Juan, 6 28001-Madrid &#8211; FAX: 914483680- TELF: 901 100 099- E-mail: ciudadano@agpd.es<\/p>\n<h3>10&nbsp;&nbsp;&nbsp;&nbsp;&nbsp;\u00bfCU\u00c1L ES LA FINALIDAD Y BASE DE LEGITIMACI\u00d3N PARA EL TRATAMIENTO DE LOS DATOS Y CUANTO SE CONSERVARAN LOS DATOS?<\/h3>\n<p>Detallamos a continuaci\u00f3n las finalidades de los tratamientos de datos llevados a cabo por alguno, o todos, de los Responsables de Tratamiento enumerados&nbsp;&nbsp;con anterioridad.<\/p>\n<table width=\"679\">\n<tbody>\n<tr>\n<td width=\"105\"><b><strong>ACTIVIDAD DE TRATAMIENTO<\/strong><\/b><\/td>\n<td width=\"217\"><b><strong>FINALIDAD DEL TRATAMIENTO<\/strong><\/b><\/td>\n<td width=\"178\"><b><strong>BASE DE LEGITIMACI\u00d3N<\/strong><\/b><\/td>\n<td width=\"178\"><b><strong>PLAZO DE CONSERVACI\u00d3N<\/strong><\/b><\/td>\n<\/tr>\n<tr>\n<td width=\"105\">Gesti\u00f3n laboral<\/td>\n<td width=\"217\">Gesti\u00f3n del personal para formalizaci\u00f3n de un contratro laboral, control de expedientes, gesti\u00f3n de n\u00f3minas<\/td>\n<td width=\"178\">Relaci\u00f3n contractual<\/td>\n<td width=\"178\">5 a\u00f1os desde la finalizaci\u00f3n del contrato<\/td>\n<\/tr>\n<tr>\n<td width=\"105\">Gesti\u00f3n fiscal y contable<\/td>\n<td width=\"217\">Tratamiento necesario para el cumplimiento de las obligaciones fiscales y contables<\/td>\n<td width=\"178\">\n<p>Relaci\u00f3n contractual<\/p>\n<p>Obligaci\u00f3n legal para el\/la responsable<\/p>\n<p>Intereses leg\u00edtimos prevalentes del responsable o de terceros<\/p>\n<\/td>\n<td width=\"178\">\n<p>5 a\u00f1os desde la finalizaci\u00f3n del contrato<\/p>\n<p>El tiempo necesario para responder de obligaciones legales<\/p>\n<\/td>\n<\/tr>\n<tr>\n<td width=\"105\">Gesti\u00f3n de contactos<\/td>\n<td width=\"217\">Tratamiento de los datos para poder mantener comunicaciones con los interesados\/as<\/td>\n<td width=\"178\">\n<p>Relaci\u00f3n contractual<\/p>\n<p>Intereses leg\u00edtimos prevalentes del responsable o de terceros<\/p>\n<p>Consentimiento expreso del interesado\/a<\/p>\n<\/td>\n<td width=\"178\">\n<p>5 a\u00f1os desde la finalizaci\u00f3n del contrato<\/p>\n<p>Hasta la cancelaci\u00f3n y\/o oposici\u00f3n por parte del\/de la titular<\/p>\n<p>Hasta la p\u00e9rdida relevante de su uso<\/p>\n<\/td>\n<\/tr>\n<tr>\n<td width=\"105\">Prevenci\u00f3n de riesgos laborales<\/td>\n<td width=\"217\">Cumplimiento de la legislaci\u00f3n vigente en materia de prevenci\u00f3n de riesgos laborales y vigilancia de la salud<\/td>\n<td width=\"178\">\n<p>Relaci\u00f3n contractual<\/p>\n<p>Obligaci\u00f3n legal para el\/la responsable<\/p>\n<\/td>\n<td width=\"178\">\n<p>Hasta la finalizaci\u00f3n de la relaci\u00f3n contractual<\/p>\n<p>El plazo legalmente establecido por la normativa espec\u00edfica<\/p>\n<\/td>\n<\/tr>\n<tr>\n<td width=\"105\">Videovigilancia<\/td>\n<td width=\"217\">Captaci\u00f3n de im\u00e1genes por el sistema de videovigilancia y\/o sistema de alarma con captaci\u00f3n de im\u00e1genes, para proteger los activos de la entidad<\/td>\n<td width=\"178\">Intereses leg\u00edtimos prevalentes del responsable o de terceros<\/td>\n<td width=\"178\">1 mes<\/td>\n<\/tr>\n<tr>\n<td width=\"105\">Comunicaci\u00f3n informativa y notificaciones<\/td>\n<td width=\"217\">Difusi\u00f3n de actividades y notificaciones de informaci\u00f3n relevante relacionada con la actividad de la entidad<\/td>\n<td width=\"178\">\n<p>Intereses leg\u00edtimos prevalentes del responsable o de terceros<\/p>\n<p>Consentimiento expreso del interesado\/a<\/p>\n<\/td>\n<td width=\"178\">Hasta la cancelaci\u00f3n y\/o oposici\u00f3n por parte del\/de la titular<\/td>\n<\/tr>\n<tr>\n<td width=\"105\">Gesti\u00f3n de clientes<\/td>\n<td width=\"217\">Tratamiento de los datos necesarios para el mantenimiento de la relaci\u00f3n comercial\/contractual con los clientes, la facturaci\u00f3n, el servicio post-venta, el env\u00edo de promociones y publicidad y la fidelizaci\u00f3n.<\/td>\n<td width=\"178\">\n<p>Relaci\u00f3n contractual<\/p>\n<p>Relaci\u00f3n comercial<\/p>\n<\/td>\n<td width=\"178\">\n<p>5 a\u00f1os desde la finalizaci\u00f3n del contrato<\/p>\n<p>El plazo legalmente establecido por la normativa espec\u00edfica<\/p>\n<\/td>\n<\/tr>\n<tr>\n<td width=\"105\">Env\u00edo de publicidad<\/td>\n<td width=\"217\">Env\u00edo de informaci\u00f3n comercial, notificaciones sobre actos y eventos de inter\u00e9s, ofertas, informaci\u00f3n sobre productos y servicios, a clientes y\/o potenciales clientes.<\/td>\n<td width=\"178\">Consentimiento expreso del interesado\/a<\/td>\n<td width=\"178\">\n<p>Hasta la cancelaci\u00f3n y\/o oposici\u00f3n por parte del\/de la titular<\/p>\n<p>Hasta la p\u00e9rdida relevante de su uso<\/p>\n<\/td>\n<\/tr>\n<tr>\n<td width=\"105\">Comercio electr\u00f3nico<\/td>\n<td width=\"217\">Elaboraci\u00f3n y gesti\u00f3n de pedidos y compras realizados a trav\u00e9s de plataformas web.<\/td>\n<td width=\"178\">\n<p>Relaci\u00f3n contractual<\/p>\n<p>Relaci\u00f3n comercial<\/p>\n<\/td>\n<td width=\"178\">\n<p>5 a\u00f1os desde la finalizaci\u00f3n del contrato<\/p>\n<p>El plazo legalmente establecido por la normativa espec\u00edfica<\/p>\n<\/td>\n<\/tr>\n<tr>\n<td width=\"105\">Control laboral<\/td>\n<td width=\"217\">Control de asistencia de los empleados\/as al puesto de trabajo (vacaciones, faltas de asistencia, registro de jornada)<\/td>\n<td width=\"178\">\n<p>Relaci\u00f3n contractual<\/p>\n<p>Obligaci\u00f3n legal para el\/la responsable<\/p>\n<p>Intereses leg\u00edtimos prevalentes del responsable o de terceros<\/p>\n<\/td>\n<td width=\"178\">Hasta la finalizaci\u00f3n de la relaci\u00f3n contractual<\/td>\n<\/tr>\n<\/tbody>\n<\/table>\n<footer>\n<div>\n<div>\n<div>\n<div>\n<div><\/div>\n<\/div>\n<\/div>\n<\/div>\n<\/div>\n<\/footer>\n<div>\n<div><\/div>\n<\/div>\n<h4>AYUDA<\/h4>\n<p>Para m\u00e1s informaci\u00f3n, p\u00f3ngase en contacto con nosotros.<\/p>\n<p>Email: <strong>nmaxproyamaha@gmail.com<\/strong><\/p>\n<p>N\u00famero: <strong>+34 685 322 754n<\/strong><\/p>\t\t\t\t\t\t<\/div>\n\t\t\t\t<\/div>\n\t\t\t\t\t<\/div>\n\t\t<\/div>\n\t\t\t\t\t\t\t<\/div>\n\t\t<\/section>\n\t\t\t\t\t\t\t<\/div>\n\t\t","protected":false},"excerpt":{"rendered":"<p>Pol\u00edtica de privacidad Desde Nerlys Irene Lucas Bellorin entendemos que es esencial mantener una relaci\u00f3n transparente contigo, por ello, a continuaci\u00f3n, te presentamos nuestra Pol\u00edtica de Privacidad, para que en todo momento est\u00e9s debidamente informado acerca de c\u00f3mo recopilamos y tratamos de forma segura cualquier dato que nos facilites. Tus datos ser\u00e1n tratados de conformidad [&hellip;]<\/p>\n","protected":false},"author":3,"featured_media":27227,"parent":0,"menu_order":0,"comment_status":"closed","ping_status":"closed","template":"","meta":{"footnotes":""},"class_list":["post-31143","page","type-page","status-publish","has-post-thumbnail","hentry"],"_links":{"self":[{"href":"https:\/\/www.nmaxpro.com\/index.php\/wp-json\/wp\/v2\/pages\/31143","targetHints":{"allow":["GET"]}}],"collection":[{"href":"https:\/\/www.nmaxpro.com\/index.php\/wp-json\/wp\/v2\/pages"}],"about":[{"href":"https:\/\/www.nmaxpro.com\/index.php\/wp-json\/wp\/v2\/types\/page"}],"author":[{"embeddable":true,"href":"https:\/\/www.nmaxpro.com\/index.php\/wp-json\/wp\/v2\/users\/3"}],"replies":[{"embeddable":true,"href":"https:\/\/www.nmaxpro.com\/index.php\/wp-json\/wp\/v2\/comments?post=31143"}],"version-history":[{"count":6,"href":"https:\/\/www.nmaxpro.com\/index.php\/wp-json\/wp\/v2\/pages\/31143\/revisions"}],"predecessor-version":[{"id":31364,"href":"https:\/\/www.nmaxpro.com\/index.php\/wp-json\/wp\/v2\/pages\/31143\/revisions\/31364"}],"wp:featuredmedia":[{"embeddable":true,"href":"https:\/\/www.nmaxpro.com\/index.php\/wp-json\/wp\/v2\/media\/27227"}],"wp:attachment":[{"href":"https:\/\/www.nmaxpro.com\/index.php\/wp-json\/wp\/v2\/media?parent=31143"}],"curies":[{"name":"wp","href":"https:\/\/api.w.org\/{rel}","templated":true}]}}