{"id":31139,"date":"2023-03-14T10:51:02","date_gmt":"2023-03-14T09:51:02","guid":{"rendered":"https:\/\/www.nmaxpro.com\/?page_id=31139"},"modified":"2023-03-14T12:51:19","modified_gmt":"2023-03-14T11:51:19","slug":"politicas-de-cookies","status":"publish","type":"page","link":"https:\/\/www.nmaxpro.com\/index.php\/politicas-de-cookies\/","title":{"rendered":"Pol\u00edticas de Cookies"},"content":{"rendered":"<h3 class=\"Textbody\">Pol\u00edtica de cookies<\/h3>\n<p class=\"Textbody\">\n<p class=\"Textbody\">El Sitio Web utiliza cookies cuando un USUARIO\/A navega por los sitios y p\u00e1ginas web del Sitio Web.<\/p>\n<p class=\"Textbody\">El\/la USUARIO\/A tiene la posibilidad de configurar su navegador para ser avisado en pantalla de la recepci\u00f3n de cookies y para impedir su instalaci\u00f3n en su disco duro.<\/p>\n<p class=\"Textbody\">Por favor, consulte las instrucciones y manuales de su navegador para ampliar \u00e9sta informaci\u00f3n. Para utilizar el SITIO WEB, no resulta necesario que el\/la USUARIO\/A permita la instalaci\u00f3n de las cookies enviadas por el sitio web, sin perjuicio de que en tal caso ser\u00e1 necesario que el Usuario\/a se registre como usuario de cada uno de los servicios cuya prestaci\u00f3n requiera el previo registro.<\/p>\n<p class=\"Textbody\">La utilizaci\u00f3n de cookies y otras tecnolog\u00edas de seguimiento se encuentra estandarizada en todos los sitios web y aplicaciones mediante las cuales se recopila informaci\u00f3n sobre sus actividades en l\u00ednea a trav\u00e9s de aplicaciones, sitios web, redes sociales u otros servicios.<\/p>\n<p class=\"Textbody\">A continuaci\u00f3n, le proporcionamos m\u00e1s informaci\u00f3n sobre c\u00f3mo utilizamos las cookies y tecnolog\u00edas similares y sobre c\u00f3mo puede controlar y administras las cookies.<\/p>\n<p class=\"Textbody\"><b>1.- \u00bfQu\u00e9 es una cookie?<\/b><\/p>\n<p class=\"Textbody\">Una Cookie es un fichero que se descarga en su ordenador al acceder a determinadas p\u00e1ginas web. Las cookies permiten a una p\u00e1gina web, entre otras, almacenar y recuperar informaci\u00f3n sobre los h\u00e1bitos de navegaci\u00f3n de un usuario o de su equipo y, dependiendo de la informaci\u00f3n que contengan y de la forma que se utilice su equipo, pueden utilizarse para reconocer al usuario. El navegador del usuario memoriza cookies en el disco duro solamente durante la sesi\u00f3n actual, ocupando un espacio de memoria m\u00ednimo y no perjudicando al ordenador. Las cookies no contienen ninguna clase de informaci\u00f3n personal espec\u00edfica, y la mayor\u00eda de las mismas se borran del disco duro al finalizar la sesi\u00f3n de navegador (las denominadas cookies de sesi\u00f3n).<\/p>\n<p class=\"Textbody\">La mayor\u00eda de los navegadores aceptan como est\u00e1ndar a las cookies y, con independencia de las mismas, permiten o impiden en los ajustes de seguridad las cookies temporales o memorizadas.<\/p>\n<p class=\"Textbody\"><b>2.- \u00bfPor qu\u00e9 este Sitio Web utiliza Cookies?<\/b><\/p>\n<p class=\"Textbody\">Se utilizan cookies con el objetivo de mejorar su experiencia como usuario, por lo tanto, son una parte importante de c\u00f3mo funciona nuestro Sitio Web. Entre otras finalidades, pueden ser utilizadas para recordar el idioma que utiliza durante la navegaci\u00f3n y en futuras visitas.<\/p>\n<p class=\"Textbody\"><b>3.- \u00bfQu\u00e9 informaci\u00f3n almacena una cookie?<\/b><\/p>\n<p class=\"Textbody\">Las cookies utilizadas por sitio web se asocian \u00fanicamente con un USUARIO\/A an\u00f3nimo y su ordenador y no proporcionan por s\u00ed el nombre y apellidos del USUARIO. Gracias a las cookies, resulta posible reconocer a los\/las USUARIOS\/AS registrados despu\u00e9s de que \u00e9stos se hayan registrado por primera vez, sin que tengan que registrarse en cada visita para acceder a las \u00e1reas y servicios reservados exclusivamente a ellos. Las cookies utilizadas no pueden leer datos de su disco duro ni leer los archivos cookie creados por otros proveedores. Los datos identificativos de la persona USUARIA son cifrados para mayor seguridad.<\/p>\n<p class=\"Textbody\">De igual manera, nuestros servidores web detectan de manera autom\u00e1tica la direcci\u00f3n IP y el nombre de dominio utilizados por el usuario\/a. Toda esta informaci\u00f3n es registrada en un fichero de actividad del servidor que permite el posterior procesamiento de los datos con el fin de obtener mediciones estad\u00edsticas que nos permitan conocer el n\u00famero de impresiones de p\u00e1ginas, el n\u00famero de visitas realizadas a nuestros servicios web, etc.<\/p>\n<p class=\"Textbody\"><b>4.- \u00bfQu\u00e9 tipos de cookies existen?<\/b><\/p>\n<p class=\"Textbody\">\u2022\u00a0\u00a0\u00a0\u00a0\u00a0\u00a0\u00a0\u00a0\u00a0<span class=\"StrongEmphasis\">Cookies t\u00e9cnicas:\u00a0<\/span>Son aqu\u00e9llas que permiten al usuario la navegaci\u00f3n a trav\u00e9s de la p\u00e1gina web o aplicaci\u00f3n y la utilizaci\u00f3n de las diferentes opciones o servicios que en ella existen. Por ejemplo, controlar el tr\u00e1fico y la comunicaci\u00f3n de datos, identificar la sesi\u00f3n, acceder a las partes web de acceso restringido, recordar los elementos que integran un pedido, realizar la solicitud de inscripci\u00f3n o participaci\u00f3n en un evento, utilizar elementos de seguridad durante la navegaci\u00f3n y almacenar contenidos para la difusi\u00f3n de videos o sonido<\/p>\n<p class=\"Textbody\">\u2022\u00a0\u00a0\u00a0\u00a0\u00a0\u00a0\u00a0\u00a0\u00a0<span class=\"StrongEmphasis\">Cookies anal\u00edticas:\u00a0<\/span>Son aqu\u00e9llas que permiten realizar el seguimiento y an\u00e1lisis del comportamiento de los usuarios en los sitios web. La informaci\u00f3n recogida mediante este tipo de &#8216;cookies&#8217; se utiliza en la medici\u00f3n de la actividad de los sitios web, aplicaci\u00f3n o plataforma y para la elaboraci\u00f3n de perfiles de navegaci\u00f3n de los usuarios de dichos sitios, con el fin de introducir mejoras en el servicio en funci\u00f3n de los datos de uso que hacen los usuarios.<\/p>\n<p class=\"Textbody\">\u2022\u00a0\u00a0\u00a0\u00a0\u00a0\u00a0\u00a0\u00a0\u00a0<span class=\"StrongEmphasis\">Cookies de personalizaci\u00f3n:\u00a0<\/span>Son aqu\u00e9llas que permiten al usuario acceder al servicio con algunas caracter\u00edsticas de car\u00e1cter general predefinidas en su terminal o que el propio usuario defina. Por ejemplo, el idioma, el tipo de navegador a trav\u00e9s del cual accede al servicio, el dise\u00f1o de contenidos seleccionado, geolocalizaci\u00f3n del terminal y la configuraci\u00f3n regional desde donde se accede al servicio.<\/p>\n<p class=\"Textbody\">\u2022\u00a0\u00a0\u00a0\u00a0\u00a0\u00a0\u00a0\u00a0\u00a0<span class=\"StrongEmphasis\">Cookies sociales:\u00a0<\/span>Las necesarias para enlazar el sitio web con sus redes sociales<\/p>\n<p class=\"Textbody\">\u2022\u00a0\u00a0\u00a0\u00a0\u00a0\u00a0\u00a0\u00a0\u00a0<span class=\"StrongEmphasis\">Cookies de Publicidad y preferencias:\u00a0<\/span>Son aqu\u00e9llas que permiten la gesti\u00f3n eficaz de los espacios publicitarios que se han incluido en la p\u00e1gina web o aplicaci\u00f3n desde la que se presta el servicio. Permiten adecuar el contenido de la publicidad para que esta sea relevante para el usuario y para evitar mostrar anuncios que el usuario ya haya visto<\/p>\n<p class=\"Textbody\">\u2022\u00a0\u00a0\u00a0\u00a0\u00a0\u00a0\u00a0\u00a0\u00a0<span class=\"StrongEmphasis\">Cookies de Afiliados:\u00a0<\/span>Permiten saber de d\u00f3nde proceden las visitas al sitio web<\/p>\n<p class=\"Textbody\">\u2022\u00a0\u00a0\u00a0\u00a0\u00a0\u00a0\u00a0\u00a0\u00a0<span class=\"StrongEmphasis\">Cookies de terceros:\u00a0<\/span>En algunas p\u00e1ginas web se pueden instalar &#8216;cookies&#8217; de terceros que permiten gestionar y mejorar los servicios ofrecidos. Como por ejemplo, servicios estad\u00edsticos de Google Analytics y Comscore.<\/p>\n<p class=\"Textbody\">En funci\u00f3n de su durabilidad pueden ser:<\/p>\n<p class=\"Textbody\">\u2022\u00a0\u00a0\u00a0\u00a0\u00a0\u00a0\u00a0\u00a0\u00a0<span class=\"StrongEmphasis\">Cookies de sesi\u00f3n:<\/span>Su vigencia expira al cerrar el navegador<\/p>\n<p class=\"Textbody\">\u2022\u00a0\u00a0\u00a0\u00a0\u00a0\u00a0\u00a0\u00a0\u00a0<span class=\"StrongEmphasis\">Cookies permanentes:<\/span>Su vigencia puede ser variable, una vez que han cumplido el objetivo que motiv\u00f3 su instalaci\u00f3n o cuando el usuario procede a su borrado manual.<\/p>\n<p class=\"Textbody\"><b>5.- Puede permitir, rechazar o bloquear las cookies<\/b><\/p>\n<p class=\"Textbody\">El usuario podr\u00e1 en cualquier momento- elegir qu\u00e9 cookies quiere que funcionen en este sitio web mediante la configuraci\u00f3n del navegador. Para m\u00e1s informaci\u00f3n busque \u201cgestionar cookies\u201d en su navegador, la siguiente informaci\u00f3n es a modo de ejemplo ya que puede variar.<\/p>\n<p class=\"Textbody\">\u2022\u00a0\u00a0\u00a0\u00a0\u00a0\u00a0\u00a0Configuraci\u00f3n de cookies en\u00a0<a href=\"http:\/\/windows.microsoft.com\/es-es\/internet-explorer\/delete-manage-cookies#ie=ie-10\">Internet Explorer 10<\/a>.<\/p>\n<p class=\"Textbody\">\u2022\u00a0\u00a0\u00a0\u00a0\u00a0\u00a0\u00a0Configuraci\u00f3n de cookies en\u00a0<a href=\"http:\/\/windows.microsoft.com\/es-es\/internet-explorer\/delete-manage-cookies#ie=ie-11\">Internet Explorer 11<\/a>.<\/p>\n<p class=\"Textbody\">\u2022\u00a0\u00a0\u00a0\u00a0\u00a0\u00a0\u00a0Configuraci\u00f3n de cookies en\u00a0<a href=\"http:\/\/support.apple.com\/kb\/HT1677?viewlocale=es_ES\">Safari<\/a>.<\/p>\n<p class=\"Textbody\">\u2022\u00a0\u00a0\u00a0\u00a0\u00a0\u00a0\u00a0Configuraci\u00f3n de cookies en\u00a0<a href=\"https:\/\/support.google.com\/chrome\/answer\/95647?hl=es&amp;hlrm=en\">Google Chrome<\/a>.<\/p>\n<p class=\"Textbody\">\u2022\u00a0\u00a0\u00a0\u00a0\u00a0\u00a0\u00a0Configuraci\u00f3n de cookies en\u00a0<a href=\"http:\/\/support.mozilla.org\/es\/kb\/cookies-informacion-que-los-sitios-web-guardan-en-?redirectlocale=en-US&amp;redirectslug=Cookies\">Firefox Mozilla<\/a>.<\/p>\n<p class=\"Textbody\">\u2022\u00a0\u00a0\u00a0\u00a0\u00a0\u00a0\u00a0Configuraci\u00f3n de cookies en\u00a0<a href=\"http:\/\/help.opera.com\/Windows\/11.50\/es-ES\/cookies.html\">Opera<\/a>.<\/p>\n<p class=\"Textbody\">\u2022\u00a0\u00a0\u00a0\u00a0\u00a0\u00a0\u00a0Configuraci\u00f3n de cookies en\u00a0<a href=\"https:\/\/support.google.com\/android\/?hl=es\">Android<\/a>.<\/p>\n<p class=\"Textbody\">\u2022\u00a0\u00a0\u00a0\u00a0\u00a0\u00a0\u00a0Configuraci\u00f3n de cookies en\u00a0<a href=\"http:\/\/www.windowsphone.com\/es-ES\/how-to\/wp7\/web\/changing-privacy-and-other-browser-settings\">Windows Phone<\/a>.<\/p>\n<p class=\"Textbody\">\u2022\u00a0\u00a0\u00a0\u00a0\u00a0\u00a0\u00a0Configuraci\u00f3n de cookies en\u00a0<a href=\"http:\/\/docs.blackberry.com\/en\/smartphone_users\/deliverables\/18578\/Turn_off_cookies_in_the_browser_60_1072866_11.jsp\">BlackBerry<\/a>.<\/p>\n<p class=\"Textbody\"><span class=\"StrongEmphasis\">Existen herramientas de terceros, disponibles on line, que permiten a los usuarios detectar las cookies en cada sitio web que visita y gestionar su desactivaci\u00f3n.<\/span><\/p>\n<p class=\"Textbody\">Seg\u00fan directiva de la UE, las cookies que requieren el consentimiento informado y expreso por parte del usuario son las cookies de anal\u00edticas, publicidad y afiliaci\u00f3n.<\/p>\n<p class=\"Textbody\">Quedan exceptuadas aquellas que sean de car\u00e1cter t\u00e9cnico y necesario para el funcionamiento del sitio web o la prestaci\u00f3n de servicios expresamente solicitados por el usuario.<\/p>\n<p class=\"Textbody\"><b>\u00a0<\/b><\/p>\n<p class=\"Textbody\"><b>6.- Actualizaciones y cambios en la Pol\u00edtica de cookies.<\/b><\/p>\n<p class=\"Textbody\">El responsable puede modificar esta Pol\u00edtica de Cookies en funci\u00f3n de cambios en el uso de Cookies en su sitio web, de nuevas exigencias legislativas, reglamentarias, o con la finalidad de adaptar dicha pol\u00edtica a las instrucciones dictadas por las autoridades de control, en concreto, la Agencia Espa\u00f1ola de Protecci\u00f3n de Datos.<\/p>\n<p class=\"Textbody\">Es posible por tanto que se produzcan cambios significativos en esta Pol\u00edtica de Cookies los cuales ser\u00e1n publicados en la misma. Pero ser\u00e1 responsabilidad del Usuario acceder a esta Pol\u00edtica de forma peri\u00f3dica para conocer cualquier cambio, sin perjuicio de la posibilidad de comunicar a los usuarios del sitio web dichos cambios mediante un aviso informativo en nuestro sitio web y\/o a trav\u00e9s de otros medios.<\/p>\n<p class=\"Textbody\"><b>7. \u00bfQu\u00e9 cookies se utilizan en este sitio web?<\/b><\/p>\n<p class=\"Textbody\">\n<table border=\"1\" width=\"100%\" cellspacing=\"10\" cellpadding=\"10\">\n<tbody>\n<tr>\n<td>SEG\u00daN LA ENTIDAD QUE LAS GESTIONE<\/td>\n<td>Cookies propias<\/td>\n<td>Son aquellas que se recaban por el propio editor para prestar el servicio solicitado por el usuario.<\/td>\n<\/tr>\n<tr>\n<td><\/td>\n<td>Cookies de tercero<\/td>\n<td>Son aquellas que son recabadas y gestionadas por un tercero, estas no se pueden considerar propias.<\/td>\n<\/tr>\n<tr>\n<td>SEG\u00daN EL PLAZO DE TIEMPO QUE PERMANEZCAN ACTIVADAS<\/td>\n<td>Cookies de sesi\u00f3n<\/td>\n<td>Recaban datos mientras el usuario navega por la red con la finalidad de prestar el servicio solicitado.<\/td>\n<\/tr>\n<tr>\n<td><\/td>\n<td>Cookies persistentes<\/td>\n<td>Se almacenan en el terminal y la informaci\u00f3n obtenida, ser\u00e1 utilizada por el responsable de la cookie con la finalidad de prestar el servicio solicitado.<\/td>\n<\/tr>\n<tr>\n<td>SEG\u00daN SU FINALIDAD<\/td>\n<td>Cookies t\u00e9cnicas<\/td>\n<td>\n<div align=\"left\">Son las necesarias para la correcta navegaci\u00f3n por la web.<\/div>\n<\/td>\n<\/tr>\n<tr>\n<td><\/td>\n<td>Cookies de personalizaci\u00f3n<\/td>\n<td>\n<div align=\"left\">Permiten al usuario las caracter\u00edsticas (idioma) para la navegaci\u00f3n por la website<\/div>\n<\/td>\n<\/tr>\n<tr>\n<td><\/td>\n<td>Cookies de an\u00e1lisis<\/td>\n<td>\n<div align=\"left\">Permiten al prestador el an\u00e1lisis vinculado a la navegaci\u00f3n realizada por el usuario, con la finalidad de llevar un seguimiento de uso de la p\u00e1gina web, as\u00ed como realizar estad\u00edsticas de los contenidos m\u00e1s visitados, n\u00famero de visitantes, etc.<\/div>\n<\/td>\n<\/tr>\n<tr>\n<td><\/td>\n<td>Cookies publicitarias<\/td>\n<td>\n<div align=\"left\">Permiten al editor incluir en la web, espacios publicitarios, seg\u00fan el contenido de la propia web.<\/div>\n<\/td>\n<\/tr>\n<tr>\n<td><\/td>\n<td>\n<div align=\"left\">Cookies de publicidad comportamental<\/div>\n<\/td>\n<td>\n<div align=\"left\">Permiten al editor incluir en la p\u00e1gina web espacios publicitarios seg\u00fan la informaci\u00f3n obtenida a trav\u00e9s de los h\u00e1bitos de navegaci\u00f3n del usuario.<\/div>\n<\/td>\n<\/tr>\n<\/tbody>\n<\/table>\n<footer id=\"nt_footer\" class=\"bgbl footer-1\">\n<div id=\"shopify-section-footer_top\" class=\"shopify-section footer__top type_instagram\">\n<div class=\"footer__top_wrap footer_sticky_false footer_collapse_true nt_bg_overlay pr oh pb__30 pt__80\">\n<div class=\"container pr z_100\">\n<div class=\"row\">\n<div class=\"col-lg-2 col-md-6 col-12 mb__50 order-lg-3 order-1\">\n<aside id=\"block_1581507828337\" class=\"widget widget_nav_menu\">\n<h3 class=\"widget-title fwsb flex al_center fl_between fs__16 mg__0 mb__30\"><\/h3>\n<\/aside>\n<\/div>\n<\/div>\n<\/div>\n<\/div>\n<\/div>\n<\/footer>\n<h4 class=\"mt__30 mb__10 fs__16\">AYUDA<\/h4>\n<p>Para m\u00e1s informaci\u00f3n, p\u00f3ngase en contacto con nosotros.<\/p>\n<p>Email: <strong>nmaxproyamaha@gmail.com<\/strong><\/p>\n<p>N\u00famero: <strong>+34 685 322 754<\/strong><\/p>\n","protected":false},"excerpt":{"rendered":"<p>Pol\u00edtica de cookies El Sitio Web utiliza cookies cuando un USUARIO\/A navega por los sitios y p\u00e1ginas web del Sitio Web. El\/la USUARIO\/A tiene la posibilidad de configurar su navegador para ser avisado en pantalla de la recepci\u00f3n de cookies y para impedir su instalaci\u00f3n en su disco duro. Por favor, consulte las instrucciones y [&hellip;]<\/p>\n","protected":false},"author":3,"featured_media":27227,"parent":0,"menu_order":0,"comment_status":"closed","ping_status":"closed","template":"","meta":{"footnotes":""},"class_list":["post-31139","page","type-page","status-publish","has-post-thumbnail","hentry"],"_links":{"self":[{"href":"https:\/\/www.nmaxpro.com\/index.php\/wp-json\/wp\/v2\/pages\/31139","targetHints":{"allow":["GET"]}}],"collection":[{"href":"https:\/\/www.nmaxpro.com\/index.php\/wp-json\/wp\/v2\/pages"}],"about":[{"href":"https:\/\/www.nmaxpro.com\/index.php\/wp-json\/wp\/v2\/types\/page"}],"author":[{"embeddable":true,"href":"https:\/\/www.nmaxpro.com\/index.php\/wp-json\/wp\/v2\/users\/3"}],"replies":[{"embeddable":true,"href":"https:\/\/www.nmaxpro.com\/index.php\/wp-json\/wp\/v2\/comments?post=31139"}],"version-history":[{"count":2,"href":"https:\/\/www.nmaxpro.com\/index.php\/wp-json\/wp\/v2\/pages\/31139\/revisions"}],"predecessor-version":[{"id":31202,"href":"https:\/\/www.nmaxpro.com\/index.php\/wp-json\/wp\/v2\/pages\/31139\/revisions\/31202"}],"wp:featuredmedia":[{"embeddable":true,"href":"https:\/\/www.nmaxpro.com\/index.php\/wp-json\/wp\/v2\/media\/27227"}],"wp:attachment":[{"href":"https:\/\/www.nmaxpro.com\/index.php\/wp-json\/wp\/v2\/media?parent=31139"}],"curies":[{"name":"wp","href":"https:\/\/api.w.org\/{rel}","templated":true}]}}